{"id":858,"date":"2014-12-29T22:36:26","date_gmt":"2014-12-29T22:36:26","guid":{"rendered":"http:\/\/familie-ibing.de\/?page_id=858"},"modified":"2018-01-05T18:42:36","modified_gmt":"2018-01-05T18:42:36","slug":"xiii-3-joerg-friedrich-ibing-1961","status":"publish","type":"page","link":"https:\/\/familie-ibing.de\/?page_id=858","title":{"rendered":"XIII-4     J\u00f6rg-Friedrich Ibing (1961- )"},"content":{"rendered":"Du musst angemeldet sein, um diesen Inhalt sehen zu k\u00f6nnen.","protected":false},"excerpt":{"rendered":"Du musst angemeldet sein, um diesen Inhalt sehen zu k\u00f6nnen.","protected":false},"author":1,"featured_media":0,"parent":0,"menu_order":0,"comment_status":"open","ping_status":"open","template":"page-templates\/full-width.php","meta":[],"_links":{"self":[{"href":"https:\/\/familie-ibing.de\/index.php?rest_route=\/wp\/v2\/pages\/858"}],"collection":[{"href":"https:\/\/familie-ibing.de\/index.php?rest_route=\/wp\/v2\/pages"}],"about":[{"href":"https:\/\/familie-ibing.de\/index.php?rest_route=\/wp\/v2\/types\/page"}],"author":[{"embeddable":true,"href":"https:\/\/familie-ibing.de\/index.php?rest_route=\/wp\/v2\/users\/1"}],"replies":[{"embeddable":true,"href":"https:\/\/familie-ibing.de\/index.php?rest_route=%2Fwp%2Fv2%2Fcomments&post=858"}],"version-history":[{"count":3,"href":"https:\/\/familie-ibing.de\/index.php?rest_route=\/wp\/v2\/pages\/858\/revisions"}],"predecessor-version":[{"id":2148,"href":"https:\/\/familie-ibing.de\/index.php?rest_route=\/wp\/v2\/pages\/858\/revisions\/2148"}],"wp:attachment":[{"href":"https:\/\/familie-ibing.de\/index.php?rest_route=%2Fwp%2Fv2%2Fmedia&parent=858"}],"curies":[{"name":"wp","href":"https:\/\/api.w.org\/{rel}","templated":true}]}}