{"id":47,"date":"2014-09-20T11:49:11","date_gmt":"2014-09-20T11:49:11","guid":{"rendered":"http:\/\/familie-ibing.de\/?page_id=47"},"modified":"2015-02-18T20:19:57","modified_gmt":"2015-02-18T20:19:57","slug":"die-regenten-von-brandenburg-preussen-ab-1609","status":"publish","type":"page","link":"https:\/\/familie-ibing.de\/?page_id=47","title":{"rendered":"Die Regenten von Brandenburg-Preu\u00dfen ab 1609"},"content":{"rendered":"<ul>\n<li style=\"text-align: justify;\">Johann Sigismund Kurf\u00fcrst von Brandenburg 1608 \u2013 1619<\/li>\n<\/ul>\n<p style=\"text-align: justify;\">Geboren am 8. November 1572 in Halle\/Saale, gestorben am 23. Dezember 1619 in Berlin. Er ehelicht am 30. Oktober 1594 Anna von Preu\u00dfen und J\u00fclich-Kleve-Berg. Aus der Ehe gehen acht Kinder hervor, von denen drei fr\u00fch sterben.<\/p>\n<ul style=\"text-align: justify;\">\n<li>Georg Wilhelm Kurf\u00fcrst von Brandenburg 1619 \u2013 1640<\/li>\n<\/ul>\n<p style=\"text-align: justify;\">Geboren am 13. November 1595 in C\u00f6lln\/Spree, gestorben am 1. Dezember 1640 in K\u00f6nigsberg. 1616 heiratet er Elisabeth Charlotte von der Pfalz. Ihr einziger Sohn, Friedrich Wilhelm, wird der sp\u00e4tere Gro\u00dfe Kurf\u00fcrst. Georg Wilhelm \u00fcbernimmt 1619 die Regentschaft des Kurf\u00fcrstentums Brandenburg, zu dem auch das Herzogtum Preu\u00dfen geh\u00f6rt.<\/p>\n<ul style=\"text-align: justify;\">\n<li>Friedrich Wilhelm der Gro\u00dfe Kurf\u00fcrst von Brandenburg 1640 \u2013 1688<\/li>\n<\/ul>\n<p style=\"text-align: justify;\">Geboren am 16. Februar 1620 in C\u00f6lln\/Spree, gestorben am 9. Mai 1688 in Potsdam. Im Jahr 1646 heiratete er seine Cousine Louise Henriette von Oranien in Den Haag und residierte bis 1650 in Kleve.<\/p>\n<ul style=\"text-align: justify;\">\n<li>Friedrich I. Kurf\u00fcrst von Brandenburg 1688 \u2013 1713<\/li>\n<\/ul>\n<p style=\"text-align: justify;\">Geboren am 11. Juli 1657 in K\u00f6nigsberg, gestorben am 25. Februar 1713 in Berlin. 1679 heiratet er in Potsdam Elisabeth Henriette von Hessen-Kassel. Am 18. Januar 1701 kr\u00f6nt sich Friedrich III. in K\u00f6nigsberg zum K\u00f6nig. Er erh\u00e4lt damit den Titel Friedrich I., K\u00f6nig in Preu\u00dfen. Nunmehr nennen sich Beh\u00f6rden und Armee k\u00f6niglich, der Gesamtstaat hei\u00dft fortan K\u00f6nigreich Preu\u00dfen.<\/p>\n<ul style=\"text-align: justify;\">\n<li>Friedrich Wilhelm I. K\u00f6nig in Preu\u00dfen 1713 \u2013 1740<\/li>\n<\/ul>\n<p style=\"text-align: justify;\">Geboren am 15. August 1688 in Berlin, gestorben am 31. Mai 1740 in Potsdam. Am 28. November 1706 heiratet Kronprinz Friedrich Wilhelm Sophie Dorothea von Braunschweig-L\u00fcneburg-Hannover, die Tochter des sp\u00e4teren K\u00f6nig Georgs I. von Gro\u00dfbritannien. Sie haben 14 Kinder, von denen vier fr\u00fch sterben.<\/p>\n<ul style=\"text-align: justify;\">\n<li>Friedrich II. der Gro\u00dfe, K\u00f6nig von Preu\u00dfen 1740 \u2013 1786<\/li>\n<\/ul>\n<p style=\"text-align: justify;\">Geboren am 24. Januar 1712 in Berlin, gestorben am 17. August 1786 in Sanssouci. Am 12. Juni 1733 findet auf Befehl des Vaters die Heirat mit Elisabeth Christine von Braunschweig-Bevern statt. Eheliche Beziehungen finden nicht statt, die Ehe bleibt kinderlos.<\/p>\n<ul style=\"text-align: justify;\">\n<li>Friedrich Wilhelm II. K\u00f6nig von Preu\u00dfen 1786 \u2013 1797<\/li>\n<\/ul>\n<p style=\"text-align: justify;\">Geboren am 25. September 1744 in Berlin, gestorben am 16. November 1797 in Potsdam. Sein Vater August Wilhelm (1722-1758) ist ein Bruder Friedrichs des Gro\u00dfen, seine Mutter Luise von Braunschweig-Wolfenb\u00fcttel. 1765 heiratet er Elisabeth von Braunschweig-Wolfenb\u00fcttel &#8211; die Ehe wird 1769 geschieden. Im selben Jahr heiratet er Friederike von Hessen-Darmstadt. Friedrich Wilhelm hat acht legitime Kinder. Hinzu kommen acht weitere aus anderen Beziehungen und morganatischen Ehen.<\/p>\n<ul style=\"text-align: justify;\">\n<li>Friedrich Wilhelm III. K\u00f6nig von Preu\u00dfen 1797 \u2013 1840<\/li>\n<\/ul>\n<p style=\"text-align: justify;\">Geboren am 3. August 1770 in Potsdam, gestorben am 7. Juni 1840 in Berlin. Der Kronprinz heiratet am 24. Dezember 1793 die f\u00fcr ihre Sch\u00f6nheit ber\u00fchmte Luise von Mecklenburg-Strelitz. Er und seine Gemahlin Luise, die vom Volk verehrt wird, gelten lange als Traumpaar. Sie f\u00fchren eine vorbildliche Ehe und haben acht Kinder.<\/p>\n<ul style=\"text-align: justify;\">\n<li>Wilhelm I. K\u00f6nig von Preu\u00dfen 1840 \u2013 1888<\/li>\n<\/ul>\n<p style=\"text-align: justify;\">Geboren am 22. M\u00e4rz 1797 in Berlin, gestorben am 9. M\u00e4rz 1888 in Berlin. Eine Liebesgeschichte mit der bildsch\u00f6nen Prinzessin Elisa Radziwill ger\u00e4t zur langwierigen tragikkomischen Staatsaff\u00e4re, weil sich der preu\u00dfische Hof nicht dazu durchringen kann, die Verbindung als ebenb\u00fcrtig zu akzeptieren. So heiratet der Prinz schlie\u00dflich am 11. Juni 1829 die energische, hochgebildete Augusta von Sachsen-Weimar-Eisenach. Aus der Ehe, die sich bald auseinander lebt, gehen neben dem Thronfolger Friedrich noch eine Tochter, Luise hervor. Ab 1857 vertritt er den kranken K\u00f6nig, ab 1858 fungiert er als Prinzregent. Nach dem Tod des Bruders kr\u00f6nt sich Wilhelm I., er ist immerhin schon 61 Jahre, am 18. Oktober 1861 analog zur Selbstkr\u00f6nung seines Vorfahren Friedrich I. in K\u00f6nigsberg. Am 18. Januar 1871 wird Wilhelm I. in Versailles zum Kaiser des Deutschen Reichs proklamiert<\/p>\n<ul style=\"text-align: justify;\">\n<li>Friedrich III., Deutscher Kaiser 1888<\/li>\n<\/ul>\n<p style=\"text-align: justify;\">Geboren am 18. Oktober 1831 in Potsdam, gestorben am 15. Juni 1888 in Potsdam. Am 25. Januar 1858 heiratete er als frischbef\u00f6rderter Generalleutnant in London die englische Prinzessin Victoria, genannt Vicky, \u00e4lteste Tochter seiner Tante, K\u00f6nigin Viktoria von England. Aus der Ehe gehen acht Kinder hervor. 1887 erkrankt er an Kehlkopfkrebs. Das Leiden wird, wohl auch aus politischem Kalk\u00fcl, heruntergespielt. Als er am 9. M\u00e4rz 1888 nach dem Tod seines Vaters den Thron besteigt, ist er bereits todkrank und kann keinen wesentlichen Einfluss mehr auf eine Ver\u00e4nderung der preu\u00dfischen Politik, die immer noch durch Bismarck dominiert wird, nehmen. Nach nur 99 Tagen Regierung stirbt Friedrich III.<\/p>\n<ul style=\"text-align: justify;\">\n<li>Wilhelm II., Deutscher Kaiser 1888 \u2013 1918<\/li>\n<\/ul>\n<p style=\"text-align: justify;\">Geboren am 27. Januar 1859 in Berlin, gestorben am 4. Juni 1941 in Doorn\/Niederlande. 1881 heiratet er Prinzessin Auguste Viktoria von Schleswig-Holstein-Sonderburg-Augustenburg. Sie haben sieben Kinder. Beim Ausbruch des 1. Weltkrieges erweist er sich als unf\u00e4hig, die politische und milit\u00e4rische Dominanz der Obersten Heeresleitung zu regulieren. Die milit\u00e4rische und schlie\u00dflich auch die politische F\u00fchrung \u00fcbernehmen weitgehend Paul von Hindenburg und Erich Ludendorff, die ab 1917 den Kaiser praktisch v\u00f6llig ausschalten. Reichskanzler Max von Baden gibt nach verlorenem Krieg und bei Ausbruch der Novemberrevolution am 9. November 1918 eigenm\u00e4chtig die Abdankung des Kaisers bekannt. Wilhelm II. flieht aus dem Hauptquartier in Spa in die Niederlande. Die niederl\u00e4ndische Regierung verlangt, dass er auf politische Bet\u00e4tigung verzichtet. Am 28. November 1918 unterzeichnet Wilhelm II. die Abdankungsurkunde. Er verzichtet damit sowohl auf das Amt des deutschen Kaisers als auch das des K\u00f6nigs von Preu\u00dfen.<\/p>\n","protected":false},"excerpt":{"rendered":"<p>Johann Sigismund Kurf\u00fcrst von Brandenburg 1608 \u2013 1619 Geboren am 8. November 1572 in Halle\/Saale, gestorben am 23. Dezember 1619 in Berlin. Er ehelicht am 30. Oktober 1594 Anna von Preu\u00dfen und J\u00fclich-Kleve-Berg. Aus der Ehe gehen acht Kinder hervor, von denen drei fr\u00fch sterben. Georg Wilhelm Kurf\u00fcrst von Brandenburg 1619 \u2013 1640 Geboren am &hellip; <a href=\"https:\/\/familie-ibing.de\/?page_id=47\" class=\"more-link\"><span class=\"screen-reader-text\">Die Regenten von Brandenburg-Preu\u00dfen ab 1609<\/span> weiterlesen <span class=\"meta-nav\">&rarr;<\/span><\/a><\/p>\n","protected":false},"author":1,"featured_media":0,"parent":0,"menu_order":0,"comment_status":"open","ping_status":"open","template":"page-templates\/full-width.php","meta":[],"_links":{"self":[{"href":"https:\/\/familie-ibing.de\/index.php?rest_route=\/wp\/v2\/pages\/47"}],"collection":[{"href":"https:\/\/familie-ibing.de\/index.php?rest_route=\/wp\/v2\/pages"}],"about":[{"href":"https:\/\/familie-ibing.de\/index.php?rest_route=\/wp\/v2\/types\/page"}],"author":[{"embeddable":true,"href":"https:\/\/familie-ibing.de\/index.php?rest_route=\/wp\/v2\/users\/1"}],"replies":[{"embeddable":true,"href":"https:\/\/familie-ibing.de\/index.php?rest_route=%2Fwp%2Fv2%2Fcomments&post=47"}],"version-history":[{"count":3,"href":"https:\/\/familie-ibing.de\/index.php?rest_route=\/wp\/v2\/pages\/47\/revisions"}],"predecessor-version":[{"id":1943,"href":"https:\/\/familie-ibing.de\/index.php?rest_route=\/wp\/v2\/pages\/47\/revisions\/1943"}],"wp:attachment":[{"href":"https:\/\/familie-ibing.de\/index.php?rest_route=%2Fwp%2Fv2%2Fmedia&parent=47"}],"curies":[{"name":"wp","href":"https:\/\/api.w.org\/{rel}","templated":true}]}}