{"id":36,"date":"2014-09-20T11:34:14","date_gmt":"2014-09-20T11:34:14","guid":{"rendered":"http:\/\/familie-ibing.de\/?page_id=36"},"modified":"2015-02-19T08:53:04","modified_gmt":"2015-02-19T08:53:04","slug":"ueber-uns","status":"publish","type":"page","link":"https:\/\/familie-ibing.de\/?page_id=36","title":{"rendered":"\u00dcber uns"},"content":{"rendered":"<p style=\"text-align: justify;\">Erkl\u00e4rt werden die Herkunft des Namens Ibing sowie die fr\u00fchere Verbreitung in der Bauernschaft Esborn im Kirchspiel Wengern sowie in der n\u00e4heren Umgebung.<\/p>\n","protected":false},"excerpt":{"rendered":"<p>Erkl\u00e4rt werden die Herkunft des Namens Ibing sowie die fr\u00fchere Verbreitung in der Bauernschaft Esborn im Kirchspiel Wengern sowie in der n\u00e4heren Umgebung.<\/p>\n","protected":false},"author":1,"featured_media":0,"parent":0,"menu_order":0,"comment_status":"open","ping_status":"open","template":"page-templates\/full-width.php","meta":[],"_links":{"self":[{"href":"https:\/\/familie-ibing.de\/index.php?rest_route=\/wp\/v2\/pages\/36"}],"collection":[{"href":"https:\/\/familie-ibing.de\/index.php?rest_route=\/wp\/v2\/pages"}],"about":[{"href":"https:\/\/familie-ibing.de\/index.php?rest_route=\/wp\/v2\/types\/page"}],"author":[{"embeddable":true,"href":"https:\/\/familie-ibing.de\/index.php?rest_route=\/wp\/v2\/users\/1"}],"replies":[{"embeddable":true,"href":"https:\/\/familie-ibing.de\/index.php?rest_route=%2Fwp%2Fv2%2Fcomments&post=36"}],"version-history":[{"count":2,"href":"https:\/\/familie-ibing.de\/index.php?rest_route=\/wp\/v2\/pages\/36\/revisions"}],"predecessor-version":[{"id":1972,"href":"https:\/\/familie-ibing.de\/index.php?rest_route=\/wp\/v2\/pages\/36\/revisions\/1972"}],"wp:attachment":[{"href":"https:\/\/familie-ibing.de\/index.php?rest_route=%2Fwp%2Fv2%2Fmedia&parent=36"}],"curies":[{"name":"wp","href":"https:\/\/api.w.org\/{rel}","templated":true}]}}