{"id":24,"date":"2014-09-20T11:24:41","date_gmt":"2014-09-20T11:24:41","guid":{"rendered":"http:\/\/familie-ibing.de\/?page_id=24"},"modified":"2015-02-18T20:12:40","modified_gmt":"2015-02-18T20:12:40","slug":"der-hof-sonnenschein-zu-herbede","status":"publish","type":"page","link":"https:\/\/familie-ibing.de\/?page_id=24","title":{"rendered":"Der Hof Sonnenschein zu Herbede"},"content":{"rendered":"<p style=\"text-align: justify;\">Der Hof Sonnenschein befindet sich in der Bauerschaft Herbede im gleichnamigen Kirchspiel.<\/p>\n<p style=\"text-align: justify;\">Nach seiner Heirat mit der Hoferbin Anna Elisabeth Sonnenschein modo Herberholtz im Jahre 1734 zog Wennemar Ibing auf den Hof seiner Schwiegereltern nach Herbede, um diesen sp\u00e4ter zu bewirtschaften. Wie es zu dieser Zeit \u00fcblich war, \u00fcbernahm er den Hofesnamen Sonnenschein als Familiennamen, sein eigentlicher Familienname wurde in der nachfolgenden Generation nur noch sporadisch verwendet, bevor er ganz in Vergessenheit geriet.<\/p>\n","protected":false},"excerpt":{"rendered":"<p>Der Hof Sonnenschein befindet sich in der Bauerschaft Herbede im gleichnamigen Kirchspiel. Nach seiner Heirat mit der Hoferbin Anna Elisabeth Sonnenschein modo Herberholtz im Jahre 1734 zog Wennemar Ibing auf den Hof seiner Schwiegereltern nach Herbede, um diesen sp\u00e4ter zu bewirtschaften. Wie es zu dieser Zeit \u00fcblich war, \u00fcbernahm er den Hofesnamen Sonnenschein als Familiennamen, &hellip; <a href=\"https:\/\/familie-ibing.de\/?page_id=24\" class=\"more-link\"><span class=\"screen-reader-text\">Der Hof Sonnenschein zu Herbede<\/span> weiterlesen <span class=\"meta-nav\">&rarr;<\/span><\/a><\/p>\n","protected":false},"author":1,"featured_media":0,"parent":0,"menu_order":0,"comment_status":"open","ping_status":"open","template":"page-templates\/full-width.php","meta":[],"_links":{"self":[{"href":"https:\/\/familie-ibing.de\/index.php?rest_route=\/wp\/v2\/pages\/24"}],"collection":[{"href":"https:\/\/familie-ibing.de\/index.php?rest_route=\/wp\/v2\/pages"}],"about":[{"href":"https:\/\/familie-ibing.de\/index.php?rest_route=\/wp\/v2\/types\/page"}],"author":[{"embeddable":true,"href":"https:\/\/familie-ibing.de\/index.php?rest_route=\/wp\/v2\/users\/1"}],"replies":[{"embeddable":true,"href":"https:\/\/familie-ibing.de\/index.php?rest_route=%2Fwp%2Fv2%2Fcomments&post=24"}],"version-history":[{"count":2,"href":"https:\/\/familie-ibing.de\/index.php?rest_route=\/wp\/v2\/pages\/24\/revisions"}],"predecessor-version":[{"id":1936,"href":"https:\/\/familie-ibing.de\/index.php?rest_route=\/wp\/v2\/pages\/24\/revisions\/1936"}],"wp:attachment":[{"href":"https:\/\/familie-ibing.de\/index.php?rest_route=%2Fwp%2Fv2%2Fmedia&parent=24"}],"curies":[{"name":"wp","href":"https:\/\/api.w.org\/{rel}","templated":true}]}}