{"id":22,"date":"2014-09-20T11:23:51","date_gmt":"2014-09-20T11:23:51","guid":{"rendered":"http:\/\/familie-ibing.de\/?page_id=22"},"modified":"2015-02-18T20:02:37","modified_gmt":"2015-02-18T20:02:37","slug":"das-ostergut-zu-esborn","status":"publish","type":"page","link":"https:\/\/familie-ibing.de\/?page_id=22","title":{"rendered":"Das Ostergut zu Esborn"},"content":{"rendered":"<p style=\"text-align: justify;\">Der Hof Ostermann, auch das Ostergut genannt, befand sich in der Bauerschaft Esborn im Kirchspiel Wengern.<\/p>\n<p style=\"text-align: justify;\">1645 wird das Ostergut bei einem Steuerstreit wie folgt erw\u00e4hnt:<\/p>\n<p style=\"text-align: justify;\"><em>Dietrich Oisterman hat ein khorm\u00fcndig Gut an\u00df Stift Gevel\u00dfbergh geh\u00f6righ. Gebe dahin 2 Mr. hartes Kohrns, ist zehendtbar, Ihro Durchl. 2 V., 2 Becker Habern. Das Gebeu in zimblichen esse. Hat 6 Malderscheidt Landts, Weischen ein Maldersch., so versetzet, 8 Schweinrecht, Hof und Garten.<\/em><\/p>\n<ol style=\"text-align: justify;\" start=\"2\">\n<li><em> Baue sein Geutgen. Habe einen Einwohner, so ihme 200 Thaler vorgestreckt. Der wohne f\u00fcr die Jahrespf\u00e4chte. Hab einen alten Vatter und Schwester, wie auch zwey Kinder zu verpflegen.<\/em><\/li>\n<li><em> Hab ein Pferdt, so lahm, damit beschicke nach Verm\u00f6gen sein Landt, aestimirt \u2013 ad 8 Rt.<\/em><\/li>\n<li><em> cessart, nur habe 2 Rindergen vom Jahr, 2 schweinger und eine Saue mit f\u00fcnf Fercken, aestimirt ad \u2013 9 \u00bd Rt.<\/em><\/li>\n<li><em> habe ein Rind angenohmen ad \u00bd Rt.<\/em><\/li>\n<li><em> Leinsaet 1 V. reliqua cessant.<\/em><\/li>\n<\/ol>\n<p style=\"text-align: justify;\"><em>Habe wegen de\u00dfen Frauen Kindtquoten au\u00dfstehen 200 Thaler cur. item noch 400 Thaler, so streitig. Derab wol wenig bekohmen werde.<\/em><\/p>\n<p style=\"text-align: justify;\">1697 schlo\u00df Albert Ibing Prill mit dem Stift zu Gevelsberg folgenden Pachtvertrag \u00fcber das Ostergut, welches er nach der Hochzeit mit Catharina Ostermann von seinem Schwiegervater \u00fcbernahm.<\/p>\n<p style=\"text-align: justify;\"><em>Ich Albrecht Ibing zeuge und bekenne hiemit f\u00fcr mich, meine Erben, und Zuerben, auch in der mannighaften Krafft dieses Reversallbrieffes, demnach mich ihro hochw\u00fcrden frau abti\u00dfin des adligen frey weltlichen Stiffts zum Gevelsberg Ursula Mechtild von H\u00f6vell, auf ersuchen Meines Schwiegervatters Johannes Ostermans, belehret haben, und hiemit belehnen, krafft dar\u00fcber empfangenen Lehnbriefs, mit Ihro Erb und Guth, zu Ever\u00dfberge im Kirspell von Wenigeren gelegen, genannt das Osterguth, nach Lehn rechte, wie ein Lehnherr sein Lehenman verpflichtet ist. Und habe darau\u00df ihro hochw\u00fcrden b\u00fcrge Eyd und Hulde gethan, wie ein Lehenman seinen Lehenherren schuldig ist, de\u00dfen bestes zu bef\u00f6rderen und Schaden nach \u00e4u\u00dferstem Verm\u00f6gen abzukehren, auch das Guth womit ich belehnet bin, unbeschadiget zu bewaren, darab nicht zu versetzen, versplitteren, noch ver\u00e4u\u00dfern, sondern in unbeschadigten Stande bewahren, auch gefolglich zu sein, versprochen zu gezeugen der Warheit, habe nicht allein diesen Reversallbrief mit eigenh\u00e4ndiger Unterschrifft bekraftiget, sonderen auch Liboriy Hosterey gebetten, dieses als ein Gezeuge mit zu unterschreiben, so geschen, auffm hochadlichen Stifft zum Gevelsberg den 30 Marty 1697 .\/.<\/em><\/p>\n<p style=\"text-align: justify;\"><em>\u00a0Albert Ibing<\/em><\/p>\n<p style=\"text-align: justify;\"><em>Liborius H\u00f6sterey also gezeuge<\/em><\/p>\n","protected":false},"excerpt":{"rendered":"<p>Der Hof Ostermann, auch das Ostergut genannt, befand sich in der Bauerschaft Esborn im Kirchspiel Wengern. 1645 wird das Ostergut bei einem Steuerstreit wie folgt erw\u00e4hnt: Dietrich Oisterman hat ein khorm\u00fcndig Gut an\u00df Stift Gevel\u00dfbergh geh\u00f6righ. Gebe dahin 2 Mr. hartes Kohrns, ist zehendtbar, Ihro Durchl. 2 V., 2 Becker Habern. Das Gebeu in zimblichen &hellip; <a href=\"https:\/\/familie-ibing.de\/?page_id=22\" class=\"more-link\"><span class=\"screen-reader-text\">Das Ostergut zu Esborn<\/span> weiterlesen <span class=\"meta-nav\">&rarr;<\/span><\/a><\/p>\n","protected":false},"author":1,"featured_media":0,"parent":0,"menu_order":0,"comment_status":"open","ping_status":"open","template":"page-templates\/full-width.php","meta":[],"_links":{"self":[{"href":"https:\/\/familie-ibing.de\/index.php?rest_route=\/wp\/v2\/pages\/22"}],"collection":[{"href":"https:\/\/familie-ibing.de\/index.php?rest_route=\/wp\/v2\/pages"}],"about":[{"href":"https:\/\/familie-ibing.de\/index.php?rest_route=\/wp\/v2\/types\/page"}],"author":[{"embeddable":true,"href":"https:\/\/familie-ibing.de\/index.php?rest_route=\/wp\/v2\/users\/1"}],"replies":[{"embeddable":true,"href":"https:\/\/familie-ibing.de\/index.php?rest_route=%2Fwp%2Fv2%2Fcomments&post=22"}],"version-history":[{"count":2,"href":"https:\/\/familie-ibing.de\/index.php?rest_route=\/wp\/v2\/pages\/22\/revisions"}],"predecessor-version":[{"id":1931,"href":"https:\/\/familie-ibing.de\/index.php?rest_route=\/wp\/v2\/pages\/22\/revisions\/1931"}],"wp:attachment":[{"href":"https:\/\/familie-ibing.de\/index.php?rest_route=%2Fwp%2Fv2%2Fmedia&parent=22"}],"curies":[{"name":"wp","href":"https:\/\/api.w.org\/{rel}","templated":true}]}}