{"id":20,"date":"2014-09-20T11:22:51","date_gmt":"2014-09-20T11:22:51","guid":{"rendered":"http:\/\/familie-ibing.de\/?page_id=20"},"modified":"2015-02-19T05:53:38","modified_gmt":"2015-02-19T05:53:38","slug":"das-gut-ellinghausen-zu-silschede","status":"publish","type":"page","link":"https:\/\/familie-ibing.de\/?page_id=20","title":{"rendered":"Ellinghausen zu Silschede"},"content":{"rendered":"<p style=\"text-align: justify;\">Ellinghausen war im Jahre 1645 wohl eine kleine Ansiedlung aus vier H\u00e4usern:<\/p>\n<ol style=\"text-align: justify;\">\n<li>Grothe Johanns Sohn Peter zu Ellinghausen,<\/li>\n<li>Clar zu Ellinghausen,<\/li>\n<li>Peter Erdtmann zu L\u00fctke-Ellinghausen und<\/li>\n<li>Die Witwe Buschmann mit dem Gut Ellinghausen.<\/li>\n<\/ol>\n<p style=\"text-align: justify;\">Zusammen hatte Ellinghausen den Angaben der Steuererhebung zufolge zehn Einwohner. Nicht zu verwechseln ist dieses Ellinghausen mit dem Gut Oester-Ellinghausen in der Bauerschaft Grundsch\u00f6ttel, welches ganz in der N\u00e4he lag.<\/p>\n<p style=\"text-align: justify;\">Aus Anla\u00df der Teilung der Weniger Mark 1755 werden diese H\u00f6fe wie folgt beschrieben:<\/p>\n<ul style=\"text-align: justify;\">\n<li>Grote Johann: der Eigent\u00fcmer Johann Peter Grote Johann hat 8 Markrechte und 1 Erbgeschworenenrecht. \u2013 Diesem 1 Erbgeschworenenrecht wird widersprochen.<\/li>\n<li>Klarmann: Der Hof geh\u00f6rt Henrich Ries als Eigentum und hat 8 Markrechte.<\/li>\n<li>Erdmann: Eigent\u00fcmer ist Johann Casper Erdmann. Er hat 4 Rechte.<\/li>\n<li>Buschmann: Eigent\u00fcmer ist Peter J\u00fcrgen Vogelsang. 4 Rechte.<\/li>\n<\/ul>\n<p style=\"text-align: justify;\"><strong>Das Gut zu Ellinghausen<\/strong><\/p>\n<p style=\"text-align: justify;\">1397 wurde das Gut zu Ellinghausen erstmals als Lehen aufgef\u00fchrt und an Br\u00fcncken von Ellinghusen vergeben. 1403 erhielt es sein Sohn Johann v. Ellinckhusen zum Lehen. 1412 wurde das Gut Ellinghausen zwischen \u201eJoh. v. Ellinckhusen selgen Bruns sone\u201c und \u201ePeter von Western Ellinghusen\u201c aufgeteilt. Da es sp\u00e4ter nur zwei G\u00fcter gab, die zum Hause Steinfurt geh\u00f6rten, wird hier wohl die Teilung in Ellinghausen (Buschmann) und L\u00fctke-Ellinghausen (Erdmann) gemeint sein.<\/p>\n<p style=\"text-align: justify;\">1469 wird \u201eDiderich des Schulten sone van den Kaldenhove up syn recht\u201c belehnt. Danach gibt es in den Unterlagen eine L\u00fccke bis 1575, als Henrich Reese als neuer Lehnstr\u00e4ger erw\u00e4hnt wird.<\/p>\n<p style=\"text-align: justify;\">1588 \u00fcbernimmt dann Peter zu Westfeldt den Hof und nach ihm im Jahre 1621 wohl sein Sohn Peter zu Westfeldt genannt Buschmann. Sein Nachfolger war 1628 sein Sohn Wessel zum Westfeldt genannt Buschmann.<\/p>\n<p style=\"text-align: justify;\">1645 wird der Hof in den Steuerunterlagen wie folgt beschrieben:<\/p>\n<p style=\"text-align: justify;\"><em>Wittib Buschmans hat einen Erbkotten, alnoch in zimblichen esse, naher <\/em>(= nach) <em>Steinfurth lehenr\u00fcrig. Hat 5 Maldersch. Berghlandts, 1 Schep. Weischen, 4 Schweinrecht, item Hof und Garten. 2. ist eine alte abgelebte, unverm\u00f6gene Wittibe, so ein lahm Metgen, welche ihr verwandt, bey sich inne hat. K\u00f6nne sich schwerlich au\u00dfpringen. 4. habe eine eigene und 2 gelente Khue, 3 kleine Saugkelbergen, 3 kleine Verkelger. Das eigene aestimirt in all ad \u2013 11 Rt. 6. Roggen geseet 6 Schep. 9. Habern 2 \u00bd Mlr. So die Keber verderbt. 10. Leinsamen 1 \u00bd V., darab nichts bekohmen hette. Habe an der Oeffer <\/em>(= Oefferman) <em>noch einige verlohrene Schuldt zu furdern, wieviel k\u00f6nne sie nicht sagen.<\/em><\/p>\n<p style=\"text-align: justify;\">Wessel zum Westfeldt genannt Buschmann verehelichte seine Tochter an Melchert in den langen Erlen, welcher dann am 22. April 1653 \u201eex nova gratia\u201c belehnt worden ist und am 20. Januar 1696 im Alter von 78 Jahren ohne Kinder verstarb. Vorher adoptierte er jedoch Melchert Ibing, welcher im Jahre 1688 den Hof gegen eine Zahlung von 110 Rt. erhielt. Nach Melchert Ibing folgte im Jahre 1710 sein Sohn Johann Peter Ibing genannt Buschmann, welcher 1742 gestorben war und seine Witwe Anna geborene H\u00fclsbruch mit zwei T\u00f6chtern hinterlie\u00df. Seine Witwe Anna Buschmann bat am 9. Juli 1743 um Belehnung f\u00fcr ihre T\u00f6chter. Die Tochter Anna Margarethe Ibing genannt Buschmann ehelichte am 20. November 1754 in Wengern den Peter J\u00fcrgen Vogelsang, sp\u00e4ter genannt Buschmann, welcher dann am 26. September 1760 das Lehen \u00fcbernahm. Nachdem er 1790 durch den Kauf des Erdmannskotten zu L\u00fctke Ellinghausen wieder beide G\u00fcter in einen Besitz gebracht hatte, \u00fcbernahm 1802 ihr Sohn Johann Georg Vogelsang genannt Buschmann beide G\u00fcter.<\/p>\n<p style=\"text-align: justify;\"><strong> Der Erdmannskotten zu L\u00fctke-Ellinghausen<\/strong><\/p>\n<p style=\"text-align: justify;\">Die ersten aufgef\u00fchrten Belehnungen waren im Jahre 1575 an Diederich tho Ellinckhausen, 1588 an Matthias zu Ellinckhausen und 1620 an Wennemar Erdmann zu Ellinghausen.<\/p>\n<p style=\"text-align: justify;\">Im Jahre 1640 \u00fcbernahm Hermann Erdtmann den Erdmannskotten. Aus dem Jahre 1645 bekommen wir folgende Angaben:<\/p>\n<p style=\"text-align: justify;\"><em>Peter <\/em>(?)<em> Erdtman hat ein halb Gut, ahns Hau\u00df Steinfurth lehenr\u00f6righ, hat an Lande, 5 Malderscheidt, Weischen 1 Maldersch., 4. Schweinrecht, Hof und Garten. 2. Ist ein verdorben Kaufman. Verarbeite sein Gut. Habe 3 Kinder. 3. Habe ein alt geborgtes Pferdt, damit das Landt baue, werth ad \u2013 10 Rt. 4. Habe 2 Khue, 2 K\u00e4lber. Sein ihme f\u00fcr 2 Jahren all abgenohmen auf den Mist, so jm Holte gehen. Bekohme s\u00f6nsten nichts darab. 6. Roggen geseet 1 Schep. 9. Habern 2 Mlr. 10. Leins \u00bd V.<\/em><\/p>\n<p style=\"text-align: justify;\">Seine Schuldenlast belief sich zu der Zeit auf 2000 Reichstaler.<br \/>\nObwohl Hermann (oder Peter?) Erdmann bereits im Jahre 1689 verstarb, dauerte es zwei Jahre, bis seinem Sohn Melchior 1691 das Lehen anerkannt wurde.<br \/>\nNach dem Tode von Melchior Erdtmann im Jahre 1712 \u00fcbernahm zwei Jahre sp\u00e4ter seine Witwe zusammen mit ihrem noch minderj\u00e4hrigen Sohn Johann Melchior Erdmann den Kotten.<br \/>\nJohann Melchior Erdmann ehelichte sp\u00e4ter Anna Margarethe Buschmann vom benachbarten Hofe auf Ellinghausen, als er 1747 verstarb hinterlie\u00df er keine Erben.<br \/>\nSeine Witwe ehelichte kurz darauf in zweiter Ehe Caspar Lichteiken, sp\u00e4ter genannt Erdmann, der den Hof bereits 1747 gekauft hatte.<\/p>\n<p style=\"text-align: justify;\">Bereits 1756 wieder wurde der Hof ihren Sohn Johann Diedrich Erdmann \u00fcbertragen, welcher mit Anna Elisabeth Enercke verheiratet war. Auch er verstarb bereits fr\u00fch, und so ehelichte seine Witwe in zweiter Ehe Johann J\u00fcrgen Neveling.<br \/>\nIm Jahre 1790 war die Schuldenlast so erdr\u00fcckend, das der Hof Erdmann zwangsversteigert werden mu\u00dfte. K\u00e4ufer war Peter J\u00fcrgen Vogelsang genannt Buschmann von Ellinghausen, der bereits Besitzer des Hofes Buschmann war, den seine Ehefrau Anna Margarethe Ibing mit in die Ehe brachte.<br \/>\nAllerdings kam es 1791 zu Unstimmigkeiten mit dem Hause Steinfurt, da der neue Eigent\u00fcmer sich nicht ordnungsgem\u00e4\u00df um das Lehen beworben hatte. Dieser war davon ausgegangen, das seine damalige Bewerbung und Anerkennung f\u00fcr den Buschmannschen Hof ausreichen w\u00fcrde, schlie\u00dflich war er schon seit etlichen Jahren ein Steinfurter Lehnsmann \u00fcber den Hof Buschmann. Dieser Konflikt f\u00fcllte eine ganze Akte an Schriftverkehr, wurde aber relativ schnell wieder beigelegt.<br \/>\nAb 1802 war der Hof im Besitz von Johann Georg Vogelsang genannt Buschmann, ebenso wie das Gut Ellinghausen.<br \/>\n1843 wurde dann die Lehnsabh\u00e4ngigkeit f\u00fcr den Hof Erdmann auf L\u00fctke-Ellinghausen aufgehoben.<\/p>\n","protected":false},"excerpt":{"rendered":"<p>Ellinghausen war im Jahre 1645 wohl eine kleine Ansiedlung aus vier H\u00e4usern: Grothe Johanns Sohn Peter zu Ellinghausen, Clar zu Ellinghausen, Peter Erdtmann zu L\u00fctke-Ellinghausen und Die Witwe Buschmann mit dem Gut Ellinghausen. Zusammen hatte Ellinghausen den Angaben der Steuererhebung zufolge zehn Einwohner. Nicht zu verwechseln ist dieses Ellinghausen mit dem Gut Oester-Ellinghausen in der &hellip; <a href=\"https:\/\/familie-ibing.de\/?page_id=20\" class=\"more-link\"><span class=\"screen-reader-text\">Ellinghausen zu Silschede<\/span> weiterlesen <span class=\"meta-nav\">&rarr;<\/span><\/a><\/p>\n","protected":false},"author":1,"featured_media":0,"parent":0,"menu_order":0,"comment_status":"open","ping_status":"open","template":"page-templates\/full-width.php","meta":[],"_links":{"self":[{"href":"https:\/\/familie-ibing.de\/index.php?rest_route=\/wp\/v2\/pages\/20"}],"collection":[{"href":"https:\/\/familie-ibing.de\/index.php?rest_route=\/wp\/v2\/pages"}],"about":[{"href":"https:\/\/familie-ibing.de\/index.php?rest_route=\/wp\/v2\/types\/page"}],"author":[{"embeddable":true,"href":"https:\/\/familie-ibing.de\/index.php?rest_route=\/wp\/v2\/users\/1"}],"replies":[{"embeddable":true,"href":"https:\/\/familie-ibing.de\/index.php?rest_route=%2Fwp%2Fv2%2Fcomments&post=20"}],"version-history":[{"count":3,"href":"https:\/\/familie-ibing.de\/index.php?rest_route=\/wp\/v2\/pages\/20\/revisions"}],"predecessor-version":[{"id":1661,"href":"https:\/\/familie-ibing.de\/index.php?rest_route=\/wp\/v2\/pages\/20\/revisions\/1661"}],"wp:attachment":[{"href":"https:\/\/familie-ibing.de\/index.php?rest_route=%2Fwp%2Fv2%2Fmedia&parent=20"}],"curies":[{"name":"wp","href":"https:\/\/api.w.org\/{rel}","templated":true}]}}