{"id":17,"date":"2014-09-20T11:21:31","date_gmt":"2014-09-20T11:21:31","guid":{"rendered":"http:\/\/familie-ibing.de\/?page_id=17"},"modified":"2015-02-18T20:09:43","modified_gmt":"2015-02-18T20:09:43","slug":"der-hof-cleffmann-zu-bommern","status":"publish","type":"page","link":"https:\/\/familie-ibing.de\/?page_id=17","title":{"rendered":"Der Hof Cleffmann zu Bommern"},"content":{"rendered":"<p style=\"text-align: justify;\">Eine weitere Spur f\u00fchrt in die Bauerschaft Bommern zum Hof Cleffmann. Der Name Kleve = Kleff kann sowohl auf die Lage des Hofes auf einem vorspringenden Bergr\u00fccken als auch auf Klee Klever, also Weideland, hinweisen.<\/p>\n<p style=\"text-align: justify;\">Im 13. Jahrhundert besitzt das Stift Herdecke in Bommern vier sogenannte Erben, das abgabepflichtige H\u00f6fe, zu denen auch \u201eCleyfmannsgut\u201c geh\u00f6rt. Im Lagerbuch dieses Stiftes hei\u00dft es: <em>\u201eItem tho Bodenborne eyn ander Gut, geheyten Cleyfmannsgut, dat gift VII Schepel Roggen, VII Schepel Gerstens, IX Schilling tho Ko gelde, eyn Vastavendes Hoyn und eyn Swyn.\u201c <\/em>Im Schatzbuch der Grafschaft Mark wird der Bauer Lambert op der Kleve zur Abgabe eines Guldens aufgef\u00fchrt. Im Steuerstreit im Amte Wetter 1642 \u2013 1645 hei\u00dft es \u00fcber diesen Hof:<\/p>\n<hr \/>\n<p style=\"text-align: justify;\">\n<p style=\"text-align: justify;\"><em>Henrich Kleffman hat einen Kotten unter, so dreyherigh. Gebe 4 Mlr. Hartes Korns zur Pfacht, Hau\u00df und Gebeu noch in zimblichem esse. Habe 3 Malder\u00adscheide Landts, ahn Weischen 1 \u00bd Schepelse, ein Schweinsrecht in die Marck, Hof und Garten, aber der Hof zaunlo\u00df. <\/em><\/p>\n<ol style=\"text-align: justify;\" start=\"2\">\n<li><em> Er und sein Frau sein abgelebte alte Leuthe. Haben 4 Kinder, zum Zappen zu Zeiten wol ein Ma\u00df Biers. <\/em><\/li>\n<li><em> Hab ein Pferdt, so wol 16 Rt. Gelten konne, welches zum Ackerbau gebrauche.<\/em><\/li>\n<li><em> Habe 3 Khue und de\u00dfen Tochter, so ahn Hasenkamp verheyratet, 2; item 3 Rinder, 2 junge K\u00e4lber, acht Schaaf, so den Kindern zustendig, eine Sau mit 5 Fercken und 3 Schweinigen. Hat sein Vieh angeschlagen ad \u2013 34 Rt. Angeschlagen. <\/em><\/li>\n<li><em> Rog\u00adgen 3 Schep. <\/em><\/li>\n<li><em>Gersten 6 V. <\/em><\/li>\n<li><em>Habern 5 Schep. <\/em><\/li>\n<\/ol>\n<p style=\"text-align: justify;\"><em>Caetera cessant. Nur da\u00df der Wittiben Berenbrocks verlohrner Schuldt au\u00dfstehen habe \u2013 100 lauffende Thaler, darab gar nichts genie\u00dfe.<\/em><\/p>\n<hr \/>\n<p style=\"text-align: justify;\">Dreiherrig bedeutet, das der Cleffmannsche Hof drei Herren geh\u00f6rte.<\/p>\n<p style=\"text-align: justify;\">Im Kataster \u00fcber die kontribuablen G\u00fcter aus dem Jahre 1705 steht geschrie\u00adben:<\/p>\n<p style=\"text-align: justify;\"><em>Kleffman. 4 M. 3 Sch. Gibt Pfacht ins Stift Herdecke 10 Rtl. 3 st. 9 d. Gibt ste\u00adhende Rente \u2013 Rtl. 48 st. 3 d. Rendiret&#8230;&#8230;&#8230;&#8230;&#8230;&#8230;&#8230;&#8230;&#8230;16 Rtl.<\/em><\/p>\n<p style=\"text-align: justify;\">Das Cleffmannsgut gab aber auch Gewinngeld nach Haus Berge ab, dar\u00fcber wurde im Jahre 1692 ein Gewinnbrief \u00fcber 42 Rtl. von der Rentei Witten ausgestellt. Daraus lassen sich aber schon zwei der drei Herren entnehmen, ein\u00admal das Stift Herdecke, das eine j\u00e4hrliche Pacht bekam, und andererseits das Haus Berge, an das Gewinngeld abgef\u00fchrt wurde.<\/p>\n<p style=\"text-align: justify;\">In den Belegen zum Hypothekenbuch des Gerichts Volmarstein findet sich eine Eintragung vom Dezember 1721, laut der Johannes Ibing Cleffman zu Bommern dem Johan Peters zu Albringhausen Geld geliehen hatte.<\/p>\n<p style=\"text-align: justify;\">Die Vermutung liegt nahe, da\u00df der Vater von Johannes Ibing Cleffmann, An\u00adthony, auf dem Cleffmannschen Hof einheiratete und urspr\u00fcnglich Ibing hie\u00df. In diesem Fall w\u00fcrde sich eine weitere Trauung zuordnen lassen, und zwar aus dem Schwelmer Kirchenbuch. Dort ehelichte am 8. Juni 1688 Johan Rollinghoff, Sohn des verstorbenen Johan Rollinghoffs, die Anna Catharina Ibing, Tochter des Ton\u00adnis Ibing aus Bommern. Also werden wohl Johannes Ibing Cleffmann und Anna Catharina Ibing verheiratete Rollinghoff Geschwister gewesen sein.<\/p>\n<p style=\"text-align: justify;\">Anthony\/Tonnis Ibing, sp\u00e4ter genannt Cleffman, wird wohl mit einer Tochter aus der Ehe von Hendrich Cleffmans Tochter mit Hasenkamp verehelicht gewesen sein.<\/p>\n","protected":false},"excerpt":{"rendered":"<p>Eine weitere Spur f\u00fchrt in die Bauerschaft Bommern zum Hof Cleffmann. Der Name Kleve = Kleff kann sowohl auf die Lage des Hofes auf einem vorspringenden Bergr\u00fccken als auch auf Klee Klever, also Weideland, hinweisen. Im 13. Jahrhundert besitzt das Stift Herdecke in Bommern vier sogenannte Erben, das abgabepflichtige H\u00f6fe, zu denen auch \u201eCleyfmannsgut\u201c geh\u00f6rt. &hellip; <a href=\"https:\/\/familie-ibing.de\/?page_id=17\" class=\"more-link\"><span class=\"screen-reader-text\">Der Hof Cleffmann zu Bommern<\/span> weiterlesen <span class=\"meta-nav\">&rarr;<\/span><\/a><\/p>\n","protected":false},"author":1,"featured_media":0,"parent":0,"menu_order":0,"comment_status":"open","ping_status":"open","template":"page-templates\/full-width.php","meta":[],"_links":{"self":[{"href":"https:\/\/familie-ibing.de\/index.php?rest_route=\/wp\/v2\/pages\/17"}],"collection":[{"href":"https:\/\/familie-ibing.de\/index.php?rest_route=\/wp\/v2\/pages"}],"about":[{"href":"https:\/\/familie-ibing.de\/index.php?rest_route=\/wp\/v2\/types\/page"}],"author":[{"embeddable":true,"href":"https:\/\/familie-ibing.de\/index.php?rest_route=\/wp\/v2\/users\/1"}],"replies":[{"embeddable":true,"href":"https:\/\/familie-ibing.de\/index.php?rest_route=%2Fwp%2Fv2%2Fcomments&post=17"}],"version-history":[{"count":3,"href":"https:\/\/familie-ibing.de\/index.php?rest_route=\/wp\/v2\/pages\/17\/revisions"}],"predecessor-version":[{"id":1934,"href":"https:\/\/familie-ibing.de\/index.php?rest_route=\/wp\/v2\/pages\/17\/revisions\/1934"}],"wp:attachment":[{"href":"https:\/\/familie-ibing.de\/index.php?rest_route=%2Fwp%2Fv2%2Fmedia&parent=17"}],"curies":[{"name":"wp","href":"https:\/\/api.w.org\/{rel}","templated":true}]}}