{"id":1441,"date":"2015-02-07T17:50:23","date_gmt":"2015-02-07T17:50:23","guid":{"rendered":"http:\/\/familie-ibing.de\/?page_id=1441"},"modified":"2015-02-20T06:01:57","modified_gmt":"2015-02-20T06:01:57","slug":"xi-11august-friedrich-wilhelm-rueping-1855-1936","status":"publish","type":"page","link":"https:\/\/familie-ibing.de\/?page_id=1441","title":{"rendered":"XI-11     August Friedrich Wilhelm R\u00fcping (1855-1936)"},"content":{"rendered":"Du musst angemeldet sein, um diesen Inhalt sehen zu k\u00f6nnen.","protected":false},"excerpt":{"rendered":"Du musst angemeldet sein, um diesen Inhalt sehen zu k\u00f6nnen.","protected":false},"author":1,"featured_media":0,"parent":0,"menu_order":0,"comment_status":"open","ping_status":"open","template":"page-templates\/full-width.php","meta":[],"_links":{"self":[{"href":"https:\/\/familie-ibing.de\/index.php?rest_route=\/wp\/v2\/pages\/1441"}],"collection":[{"href":"https:\/\/familie-ibing.de\/index.php?rest_route=\/wp\/v2\/pages"}],"about":[{"href":"https:\/\/familie-ibing.de\/index.php?rest_route=\/wp\/v2\/types\/page"}],"author":[{"embeddable":true,"href":"https:\/\/familie-ibing.de\/index.php?rest_route=\/wp\/v2\/users\/1"}],"replies":[{"embeddable":true,"href":"https:\/\/familie-ibing.de\/index.php?rest_route=%2Fwp%2Fv2%2Fcomments&post=1441"}],"version-history":[{"count":2,"href":"https:\/\/familie-ibing.de\/index.php?rest_route=\/wp\/v2\/pages\/1441\/revisions"}],"predecessor-version":[{"id":1443,"href":"https:\/\/familie-ibing.de\/index.php?rest_route=\/wp\/v2\/pages\/1441\/revisions\/1443"}],"wp:attachment":[{"href":"https:\/\/familie-ibing.de\/index.php?rest_route=%2Fwp%2Fv2%2Fmedia&parent=1441"}],"curies":[{"name":"wp","href":"https:\/\/api.w.org\/{rel}","templated":true}]}}