{"id":1300,"date":"2015-02-06T08:57:00","date_gmt":"2015-02-06T08:57:00","guid":{"rendered":"http:\/\/familie-ibing.de\/?page_id=1300"},"modified":"2015-02-19T07:09:33","modified_gmt":"2015-02-19T07:09:33","slug":"ix-11-johann-diedrich-henrich-rueping-1792-1851","status":"publish","type":"page","link":"https:\/\/familie-ibing.de\/?page_id=1300","title":{"rendered":"IX-11     Johann Diedrich Henrich R\u00fcping (1792-1851)"},"content":{"rendered":"Du musst angemeldet sein, um diesen Inhalt sehen zu k\u00f6nnen.","protected":false},"excerpt":{"rendered":"Du musst angemeldet sein, um diesen Inhalt sehen zu k\u00f6nnen.","protected":false},"author":1,"featured_media":0,"parent":0,"menu_order":0,"comment_status":"open","ping_status":"open","template":"page-templates\/full-width.php","meta":[],"_links":{"self":[{"href":"https:\/\/familie-ibing.de\/index.php?rest_route=\/wp\/v2\/pages\/1300"}],"collection":[{"href":"https:\/\/familie-ibing.de\/index.php?rest_route=\/wp\/v2\/pages"}],"about":[{"href":"https:\/\/familie-ibing.de\/index.php?rest_route=\/wp\/v2\/types\/page"}],"author":[{"embeddable":true,"href":"https:\/\/familie-ibing.de\/index.php?rest_route=\/wp\/v2\/users\/1"}],"replies":[{"embeddable":true,"href":"https:\/\/familie-ibing.de\/index.php?rest_route=%2Fwp%2Fv2%2Fcomments&post=1300"}],"version-history":[{"count":7,"href":"https:\/\/familie-ibing.de\/index.php?rest_route=\/wp\/v2\/pages\/1300\/revisions"}],"predecessor-version":[{"id":1968,"href":"https:\/\/familie-ibing.de\/index.php?rest_route=\/wp\/v2\/pages\/1300\/revisions\/1968"}],"wp:attachment":[{"href":"https:\/\/familie-ibing.de\/index.php?rest_route=%2Fwp%2Fv2%2Fmedia&parent=1300"}],"curies":[{"name":"wp","href":"https:\/\/api.w.org\/{rel}","templated":true}]}}