{"id":1298,"date":"2015-02-06T08:54:05","date_gmt":"2015-02-06T08:54:05","guid":{"rendered":"http:\/\/familie-ibing.de\/?page_id=1298"},"modified":"2015-02-19T07:05:56","modified_gmt":"2015-02-19T07:05:56","slug":"ix-10-johann-peter-rueping-1785-1852","status":"publish","type":"page","link":"https:\/\/familie-ibing.de\/?page_id=1298","title":{"rendered":"IX-10     Johann Peter R\u00fcping (1785-1852)"},"content":{"rendered":"Du musst angemeldet sein, um diesen Inhalt sehen zu k\u00f6nnen.","protected":false},"excerpt":{"rendered":"Du musst angemeldet sein, um diesen Inhalt sehen zu k\u00f6nnen.","protected":false},"author":1,"featured_media":0,"parent":0,"menu_order":0,"comment_status":"open","ping_status":"open","template":"page-templates\/full-width.php","meta":[],"_links":{"self":[{"href":"https:\/\/familie-ibing.de\/index.php?rest_route=\/wp\/v2\/pages\/1298"}],"collection":[{"href":"https:\/\/familie-ibing.de\/index.php?rest_route=\/wp\/v2\/pages"}],"about":[{"href":"https:\/\/familie-ibing.de\/index.php?rest_route=\/wp\/v2\/types\/page"}],"author":[{"embeddable":true,"href":"https:\/\/familie-ibing.de\/index.php?rest_route=\/wp\/v2\/users\/1"}],"replies":[{"embeddable":true,"href":"https:\/\/familie-ibing.de\/index.php?rest_route=%2Fwp%2Fv2%2Fcomments&post=1298"}],"version-history":[{"count":1,"href":"https:\/\/familie-ibing.de\/index.php?rest_route=\/wp\/v2\/pages\/1298\/revisions"}],"predecessor-version":[{"id":1299,"href":"https:\/\/familie-ibing.de\/index.php?rest_route=\/wp\/v2\/pages\/1298\/revisions\/1299"}],"wp:attachment":[{"href":"https:\/\/familie-ibing.de\/index.php?rest_route=%2Fwp%2Fv2%2Fmedia&parent=1298"}],"curies":[{"name":"wp","href":"https:\/\/api.w.org\/{rel}","templated":true}]}}