{"id":1292,"date":"2015-02-06T08:27:52","date_gmt":"2015-02-06T08:27:52","guid":{"rendered":"http:\/\/familie-ibing.de\/?page_id=1292"},"modified":"2015-02-19T08:22:02","modified_gmt":"2015-02-19T08:22:02","slug":"xi-7-caspar-juergen-rueping-1765-1857","status":"publish","type":"page","link":"https:\/\/familie-ibing.de\/?page_id=1292","title":{"rendered":"IX-7     Caspar J\u00fcrgen R\u00fcping (1765-1857)"},"content":{"rendered":"Du musst angemeldet sein, um diesen Inhalt sehen zu k\u00f6nnen.","protected":false},"excerpt":{"rendered":"Du musst angemeldet sein, um diesen Inhalt sehen zu k\u00f6nnen.","protected":false},"author":1,"featured_media":0,"parent":0,"menu_order":0,"comment_status":"open","ping_status":"open","template":"page-templates\/full-width.php","meta":[],"_links":{"self":[{"href":"https:\/\/familie-ibing.de\/index.php?rest_route=\/wp\/v2\/pages\/1292"}],"collection":[{"href":"https:\/\/familie-ibing.de\/index.php?rest_route=\/wp\/v2\/pages"}],"about":[{"href":"https:\/\/familie-ibing.de\/index.php?rest_route=\/wp\/v2\/types\/page"}],"author":[{"embeddable":true,"href":"https:\/\/familie-ibing.de\/index.php?rest_route=\/wp\/v2\/users\/1"}],"replies":[{"embeddable":true,"href":"https:\/\/familie-ibing.de\/index.php?rest_route=%2Fwp%2Fv2%2Fcomments&post=1292"}],"version-history":[{"count":3,"href":"https:\/\/familie-ibing.de\/index.php?rest_route=\/wp\/v2\/pages\/1292\/revisions"}],"predecessor-version":[{"id":1403,"href":"https:\/\/familie-ibing.de\/index.php?rest_route=\/wp\/v2\/pages\/1292\/revisions\/1403"}],"wp:attachment":[{"href":"https:\/\/familie-ibing.de\/index.php?rest_route=%2Fwp%2Fv2%2Fmedia&parent=1292"}],"curies":[{"name":"wp","href":"https:\/\/api.w.org\/{rel}","templated":true}]}}