{"id":1237,"date":"2015-02-05T15:26:17","date_gmt":"2015-02-05T15:26:17","guid":{"rendered":"http:\/\/familie-ibing.de\/?page_id=1237"},"modified":"2015-02-19T12:10:26","modified_gmt":"2015-02-19T12:10:26","slug":"viii-1-johann-juergen-rueping-1746","status":"publish","type":"page","link":"https:\/\/familie-ibing.de\/?page_id=1237","title":{"rendered":"VIII-1     Johann J\u00fcrgen R\u00fcping (1746- )"},"content":{"rendered":"Du musst angemeldet sein, um diesen Inhalt sehen zu k\u00f6nnen.","protected":false},"excerpt":{"rendered":"Du musst angemeldet sein, um diesen Inhalt sehen zu k\u00f6nnen.","protected":false},"author":1,"featured_media":0,"parent":0,"menu_order":0,"comment_status":"open","ping_status":"open","template":"page-templates\/full-width.php","meta":[],"_links":{"self":[{"href":"https:\/\/familie-ibing.de\/index.php?rest_route=\/wp\/v2\/pages\/1237"}],"collection":[{"href":"https:\/\/familie-ibing.de\/index.php?rest_route=\/wp\/v2\/pages"}],"about":[{"href":"https:\/\/familie-ibing.de\/index.php?rest_route=\/wp\/v2\/types\/page"}],"author":[{"embeddable":true,"href":"https:\/\/familie-ibing.de\/index.php?rest_route=\/wp\/v2\/users\/1"}],"replies":[{"embeddable":true,"href":"https:\/\/familie-ibing.de\/index.php?rest_route=%2Fwp%2Fv2%2Fcomments&post=1237"}],"version-history":[{"count":2,"href":"https:\/\/familie-ibing.de\/index.php?rest_route=\/wp\/v2\/pages\/1237\/revisions"}],"predecessor-version":[{"id":1331,"href":"https:\/\/familie-ibing.de\/index.php?rest_route=\/wp\/v2\/pages\/1237\/revisions\/1331"}],"wp:attachment":[{"href":"https:\/\/familie-ibing.de\/index.php?rest_route=%2Fwp%2Fv2%2Fmedia&parent=1237"}],"curies":[{"name":"wp","href":"https:\/\/api.w.org\/{rel}","templated":true}]}}