{"id":1131,"date":"2015-02-03T19:31:11","date_gmt":"2015-02-03T19:31:11","guid":{"rendered":"http:\/\/familie-ibing.de\/?page_id=1131"},"modified":"2015-02-18T20:20:32","modified_gmt":"2015-02-18T20:20:32","slug":"die-stammfolge-rueping","status":"publish","type":"page","link":"https:\/\/familie-ibing.de\/?page_id=1131","title":{"rendered":"Die Stammfolge R\u00dcPING"},"content":{"rendered":"<p style=\"text-align: justify;\">Die Stammfolge R\u00fcping setzt an im 30j\u00e4hrigen Krieg. Zu dieser Zeit kam der erste R\u00fcping aus Barop nach Wengern. Von dort aus verbreiteten sich die R\u00fcpings \u00fcber die Kirchspiele Wengern, Volmarstein, Wetter und Herdecke.<\/p>\n","protected":false},"excerpt":{"rendered":"<p>Die Stammfolge R\u00fcping setzt an im 30j\u00e4hrigen Krieg. Zu dieser Zeit kam der erste R\u00fcping aus Barop nach Wengern. Von dort aus verbreiteten sich die R\u00fcpings \u00fcber die Kirchspiele Wengern, Volmarstein, Wetter und Herdecke.<\/p>\n","protected":false},"author":1,"featured_media":0,"parent":0,"menu_order":0,"comment_status":"open","ping_status":"open","template":"page-templates\/full-width.php","meta":[],"_links":{"self":[{"href":"https:\/\/familie-ibing.de\/index.php?rest_route=\/wp\/v2\/pages\/1131"}],"collection":[{"href":"https:\/\/familie-ibing.de\/index.php?rest_route=\/wp\/v2\/pages"}],"about":[{"href":"https:\/\/familie-ibing.de\/index.php?rest_route=\/wp\/v2\/types\/page"}],"author":[{"embeddable":true,"href":"https:\/\/familie-ibing.de\/index.php?rest_route=\/wp\/v2\/users\/1"}],"replies":[{"embeddable":true,"href":"https:\/\/familie-ibing.de\/index.php?rest_route=%2Fwp%2Fv2%2Fcomments&post=1131"}],"version-history":[{"count":1,"href":"https:\/\/familie-ibing.de\/index.php?rest_route=\/wp\/v2\/pages\/1131\/revisions"}],"predecessor-version":[{"id":1132,"href":"https:\/\/familie-ibing.de\/index.php?rest_route=\/wp\/v2\/pages\/1131\/revisions\/1132"}],"wp:attachment":[{"href":"https:\/\/familie-ibing.de\/index.php?rest_route=%2Fwp%2Fv2%2Fmedia&parent=1131"}],"curies":[{"name":"wp","href":"https:\/\/api.w.org\/{rel}","templated":true}]}}