{"id":108,"date":"2014-09-23T15:03:11","date_gmt":"2014-09-23T15:03:11","guid":{"rendered":"http:\/\/familie-ibing.de\/?page_id=108"},"modified":"2015-02-18T20:15:08","modified_gmt":"2015-02-18T20:15:08","slug":"der-name-rueping","status":"publish","type":"page","link":"https:\/\/familie-ibing.de\/?page_id=108","title":{"rendered":"Der Name R\u00fcping"},"content":{"rendered":"<p style=\"text-align: justify;\">Der Name R\u00fcping mit seiner Endung -ing weist auf die patronymische Bildung des Namens hin. R\u00fcping, patronymisch f\u00fcr S\u00f6hne und Nachkommen eines Ruprecht oder Rupert, ist s\u00e4chsisch-friesischer Herkunft. Rupprecht steht in der Be\u00addeutung germanisch <em>Hr\u00f4d-berht<\/em> \u201eruhmgl\u00e4nzend\u201c. Im Westf\u00e4lischen wurde im Mittelalter die Endung -ing zur Bildung von Hofnamen verwendet. Viele Familiennamen sind wiederum aus Hofnamen ent\u00adstanden, weil der Hofname auch auf die den Hof bewirtschaftenden Bauern \u00fcberging.<\/p>\n","protected":false},"excerpt":{"rendered":"<p>Der Name R\u00fcping mit seiner Endung -ing weist auf die patronymische Bildung des Namens hin. R\u00fcping, patronymisch f\u00fcr S\u00f6hne und Nachkommen eines Ruprecht oder Rupert, ist s\u00e4chsisch-friesischer Herkunft. Rupprecht steht in der Be\u00addeutung germanisch Hr\u00f4d-berht \u201eruhmgl\u00e4nzend\u201c. Im Westf\u00e4lischen wurde im Mittelalter die Endung -ing zur Bildung von Hofnamen verwendet. Viele Familiennamen sind wiederum aus Hofnamen &hellip; <a href=\"https:\/\/familie-ibing.de\/?page_id=108\" class=\"more-link\"><span class=\"screen-reader-text\">Der Name R\u00fcping<\/span> weiterlesen <span class=\"meta-nav\">&rarr;<\/span><\/a><\/p>\n","protected":false},"author":1,"featured_media":0,"parent":0,"menu_order":0,"comment_status":"open","ping_status":"open","template":"page-templates\/full-width.php","meta":[],"_links":{"self":[{"href":"https:\/\/familie-ibing.de\/index.php?rest_route=\/wp\/v2\/pages\/108"}],"collection":[{"href":"https:\/\/familie-ibing.de\/index.php?rest_route=\/wp\/v2\/pages"}],"about":[{"href":"https:\/\/familie-ibing.de\/index.php?rest_route=\/wp\/v2\/types\/page"}],"author":[{"embeddable":true,"href":"https:\/\/familie-ibing.de\/index.php?rest_route=\/wp\/v2\/users\/1"}],"replies":[{"embeddable":true,"href":"https:\/\/familie-ibing.de\/index.php?rest_route=%2Fwp%2Fv2%2Fcomments&post=108"}],"version-history":[{"count":2,"href":"https:\/\/familie-ibing.de\/index.php?rest_route=\/wp\/v2\/pages\/108\/revisions"}],"predecessor-version":[{"id":1938,"href":"https:\/\/familie-ibing.de\/index.php?rest_route=\/wp\/v2\/pages\/108\/revisions\/1938"}],"wp:attachment":[{"href":"https:\/\/familie-ibing.de\/index.php?rest_route=%2Fwp%2Fv2%2Fmedia&parent=108"}],"curies":[{"name":"wp","href":"https:\/\/api.w.org\/{rel}","templated":true}]}}