{"id":1070,"date":"2014-12-31T18:30:26","date_gmt":"2014-12-31T18:30:26","guid":{"rendered":"http:\/\/familie-ibing.de\/?page_id=1070"},"modified":"2015-03-24T05:53:01","modified_gmt":"2015-03-24T05:53:01","slug":"herzlich-willkommen","status":"publish","type":"page","link":"https:\/\/familie-ibing.de\/","title":{"rendered":"Herzlich Willkommen"},"content":{"rendered":"<p style=\"text-align: justify;\">Was als eine Seite \u00fcber die Familiengeschichte Ibing begann ist nun zu einer Seite angewachsen, auf der mehr und mehr\u00a0 heimische Familien aus der Freigrafschaft Volmarstein dargestellt werden. Und das ist gut so. Leider ist im Laufe der Jahre-Jahrzehnte-Jahrhunderte viel Wissen um unsere Heimat und ihren Familien verloren gegangen.<\/p>\n<p style=\"text-align: justify;\">\u00dcber Unterst\u00fctzung bei der Weiterf\u00fchrung und Erg\u00e4nzung der hier vorgestellten Angaben w\u00e4re ich sehr dankbar. Bitte helfen Sie mit, Erinnerungen und Gedenken an unsere Heimat und ihre Menschen zu bewahren.<\/p>\n<p style=\"text-align: justify;\">Wolfgang Ibing<\/p>\n","protected":false},"excerpt":{"rendered":"<p>Was als eine Seite \u00fcber die Familiengeschichte Ibing begann ist nun zu einer Seite angewachsen, auf der mehr und mehr\u00a0 heimische Familien aus der Freigrafschaft Volmarstein dargestellt werden. Und das ist gut so. Leider ist im Laufe der Jahre-Jahrzehnte-Jahrhunderte viel Wissen um unsere Heimat und ihren Familien verloren gegangen. \u00dcber Unterst\u00fctzung bei der Weiterf\u00fchrung und &hellip; <a href=\"https:\/\/familie-ibing.de\/\" class=\"more-link\"><span class=\"screen-reader-text\">Herzlich Willkommen<\/span> weiterlesen <span class=\"meta-nav\">&rarr;<\/span><\/a><\/p>\n","protected":false},"author":1,"featured_media":0,"parent":0,"menu_order":0,"comment_status":"open","ping_status":"open","template":"","meta":[],"_links":{"self":[{"href":"https:\/\/familie-ibing.de\/index.php?rest_route=\/wp\/v2\/pages\/1070"}],"collection":[{"href":"https:\/\/familie-ibing.de\/index.php?rest_route=\/wp\/v2\/pages"}],"about":[{"href":"https:\/\/familie-ibing.de\/index.php?rest_route=\/wp\/v2\/types\/page"}],"author":[{"embeddable":true,"href":"https:\/\/familie-ibing.de\/index.php?rest_route=\/wp\/v2\/users\/1"}],"replies":[{"embeddable":true,"href":"https:\/\/familie-ibing.de\/index.php?rest_route=%2Fwp%2Fv2%2Fcomments&post=1070"}],"version-history":[{"count":6,"href":"https:\/\/familie-ibing.de\/index.php?rest_route=\/wp\/v2\/pages\/1070\/revisions"}],"predecessor-version":[{"id":2085,"href":"https:\/\/familie-ibing.de\/index.php?rest_route=\/wp\/v2\/pages\/1070\/revisions\/2085"}],"wp:attachment":[{"href":"https:\/\/familie-ibing.de\/index.php?rest_route=%2Fwp%2Fv2%2Fmedia&parent=1070"}],"curies":[{"name":"wp","href":"https:\/\/api.w.org\/{rel}","templated":true}]}}